{"id":8,"date":"2022-04-28T17:26:15","date_gmt":"2022-04-28T17:26:15","guid":{"rendered":"https:\/\/edit.ondjangoasili.com\/?page_id=8"},"modified":"2022-09-09T03:50:18","modified_gmt":"2022-09-09T03:50:18","slug":"home","status":"publish","type":"page","link":"https:\/\/edit.ondjangoasili.com\/","title":{"rendered":"Home"},"content":{"rendered":"\t\t<div data-elementor-type=\"wp-page\" data-elementor-id=\"8\" class=\"elementor elementor-8\">\n\t\t\t\t\t\t\t\t\t<section class=\"elementor-section elementor-top-section elementor-element elementor-element-dcaa7eb elementor-section-boxed elementor-section-height-default elementor-section-height-default\" data-id=\"dcaa7eb\" data-element_type=\"section\">\n\t\t\t\t\t\t\t<div class=\"elementor-background-overlay\"><\/div>\n\t\t\t\t\t\t\t<div class=\"elementor-container elementor-column-gap-default\">\n\t\t\t\t\t<div class=\"elementor-column elementor-col-100 elementor-top-column elementor-element elementor-element-000a92d\" data-id=\"000a92d\" data-element_type=\"column\" data-settings=\"{&quot;background_background&quot;:&quot;classic&quot;}\">\n\t\t\t<div class=\"elementor-widget-wrap elementor-element-populated\">\n\t\t\t\t\t\t\t\t<div class=\"elementor-element elementor-element-2c16678 elementor-widget elementor-widget-heading\" data-id=\"2c16678\" data-element_type=\"widget\" data-widget_type=\"heading.default\">\n\t\t\t\t<div class=\"elementor-widget-container\">\n\t\t\t<style>\/*! elementor - v3.7.0 - 08-08-2022 *\/\n.elementor-heading-title{padding:0;margin:0;line-height:1}.elementor-widget-heading .elementor-heading-title[class*=elementor-size-]>a{color:inherit;font-size:inherit;line-height:inherit}.elementor-widget-heading .elementor-heading-title.elementor-size-small{font-size:15px}.elementor-widget-heading .elementor-heading-title.elementor-size-medium{font-size:19px}.elementor-widget-heading .elementor-heading-title.elementor-size-large{font-size:29px}.elementor-widget-heading .elementor-heading-title.elementor-size-xl{font-size:39px}.elementor-widget-heading .elementor-heading-title.elementor-size-xxl{font-size:59px}<\/style><h3 class=\"elementor-heading-title elementor-size-default\"><span class=\"\" style=\"color: #2E5A1C\">Jogos Africanos<\/span>  e <span class=\"\" style=\"color: #C41A1B\">Matem\u00e1tica<\/span> <\/h3>\t\t<\/div>\n\t\t\t\t<\/div>\n\t\t\t\t<div class=\"elementor-element elementor-element-d7bc012 elementor-widget elementor-widget-text-editor\" data-id=\"d7bc012\" data-element_type=\"widget\" data-widget_type=\"text-editor.default\">\n\t\t\t\t<div class=\"elementor-widget-container\">\n\t\t\t<style>\/*! elementor - v3.7.0 - 08-08-2022 *\/\n.elementor-widget-text-editor.elementor-drop-cap-view-stacked .elementor-drop-cap{background-color:#818a91;color:#fff}.elementor-widget-text-editor.elementor-drop-cap-view-framed .elementor-drop-cap{color:#818a91;border:3px solid;background-color:transparent}.elementor-widget-text-editor:not(.elementor-drop-cap-view-default) .elementor-drop-cap{margin-top:8px}.elementor-widget-text-editor:not(.elementor-drop-cap-view-default) .elementor-drop-cap-letter{width:1em;height:1em}.elementor-widget-text-editor .elementor-drop-cap{float:left;text-align:center;line-height:1;font-size:50px}.elementor-widget-text-editor .elementor-drop-cap-letter{display:inline-block}<\/style>\t\t\t\tNo projeto <span class=\"\" style=\"color: #2e5a1c;\">Jogos Africanos<\/span> e <span class=\"\" style=\"color: #c41a1b;\">Matem\u00e1tica<\/span> desenvolvemos atividades de ensino de Matem\u00e1tica utilizando Jogos Africanos, no contexto da Lei 10.639\/03 que estabelece a inclus\u00e3o da tem\u00e1tica de Hist\u00f3ria e Cultura Afro brasileira na Educa\u00e7\u00e3o B\u00e1sica.\t\t\t\t\t\t<\/div>\n\t\t\t\t<\/div>\n\t\t\t\t<div class=\"elementor-element elementor-element-a0d4552 elementor-widget elementor-widget-text-editor\" data-id=\"a0d4552\" data-element_type=\"widget\" data-widget_type=\"text-editor.default\">\n\t\t\t\t<div class=\"elementor-widget-container\">\n\t\t\t\t\t\t\t<span class=\"JsGRdQ\" style=\"color: #ffffff;\"><b>Clique<\/b> <\/span><span class=\"JsGRdQ\" style=\"color: #eb8204;\">no<\/span> <span class=\"JsGRdQ\" style=\"color: #eb8204;\">Pa\u00eds desejado e seja redirecionado para os jogos dispon\u00edveis<\/span>\t\t\t\t\t\t<\/div>\n\t\t\t\t<\/div>\n\t\t\t\t<div class=\"elementor-element elementor-element-bf375a8 e-transform elementor-widget-mobile__width-initial elementor-widget elementor-widget-html\" data-id=\"bf375a8\" data-element_type=\"widget\" id=\"mapa\" data-settings=\"{&quot;_transform_scale_effect_mobile&quot;:{&quot;unit&quot;:&quot;px&quot;,&quot;size&quot;:1.2,&quot;sizes&quot;:[]},&quot;_transform_scale_effect&quot;:{&quot;unit&quot;:&quot;px&quot;,&quot;size&quot;:&quot;&quot;,&quot;sizes&quot;:[]},&quot;_transform_scale_effect_tablet&quot;:{&quot;unit&quot;:&quot;px&quot;,&quot;size&quot;:&quot;&quot;,&quot;sizes&quot;:[]}}\" data-widget_type=\"html.default\">\n\t\t\t\t<div class=\"elementor-widget-container\">\n\t\t\t<span style={display : \"none\"\n}>MAPS<\/span>\t\t<\/div>\n\t\t\t\t<\/div>\n\t\t\t\t<div class=\"elementor-element elementor-element-e097101 elementor-widget elementor-widget-text-editor\" data-id=\"e097101\" data-element_type=\"widget\" data-widget_type=\"text-editor.default\">\n\t\t\t\t<div class=\"elementor-widget-container\">\n\t\t\t\t\t\t\tApresentamos uma abordagem metodol\u00f3gica atrav\u00e9s do desenvolvimento de atividades que contribuem para o processo da aprendizagem, agilizando o racioc\u00ednio dedutivo do estudante e auxiliando professores de Matem\u00e1tica na abordagem do tema transversal: <span class=\"\" style=\"color: #40160D\">cultura africana nas aulas de Matem\u00e1tica dos ensinos fundamental e m\u00e9dio.<\/span>\n<br> <br>\nAl\u00e9m disso, atrav\u00e9s das pr\u00e1ticas desenvolvidas com os jogos africanos pretendemos mostrar a  <span class=\"\" style=\"color: #40160D\">import\u00e2ncia de ensinar\/aprender a cultura africana nas aulas de Matem\u00e1tica<\/span>\ne proporcionar a aplica\u00e7\u00e3o e associa\u00e7\u00e3o dos jogos com outras \u00e1reas do conhecimento em atividades interdisciplinares.\t\t\t\t\t\t<\/div>\n\t\t\t\t<\/div>\n\t\t\t\t\t<\/div>\n\t\t<\/div>\n\t\t\t\t\t\t\t<\/div>\n\t\t<\/section>\n\t\t\t\t<section class=\"elementor-section elementor-top-section elementor-element elementor-element-e4fa503 elementor-section-boxed elementor-section-height-default elementor-section-height-default\" data-id=\"e4fa503\" data-element_type=\"section\" data-settings=\"{&quot;background_background&quot;:&quot;classic&quot;}\">\n\t\t\t\t\t\t\t<div class=\"elementor-background-overlay\"><\/div>\n\t\t\t\t\t\t\t<div class=\"elementor-container elementor-column-gap-default\">\n\t\t\t\t\t<div class=\"elementor-column elementor-col-100 elementor-top-column elementor-element elementor-element-32f0ac9\" data-id=\"32f0ac9\" data-element_type=\"column\" data-settings=\"{&quot;background_background&quot;:&quot;classic&quot;}\">\n\t\t\t<div class=\"elementor-widget-wrap elementor-element-populated\">\n\t\t\t\t\t\t\t\t<div class=\"elementor-element elementor-element-9322681 elementor-widget elementor-widget-heading\" data-id=\"9322681\" data-element_type=\"widget\" data-widget_type=\"heading.default\">\n\t\t\t\t<div class=\"elementor-widget-container\">\n\t\t\t<h3 class=\"elementor-heading-title elementor-size-default\">EQUIPE<\/h3>\t\t<\/div>\n\t\t\t\t<\/div>\n\t\t\t\t<section class=\"elementor-section elementor-inner-section elementor-element elementor-element-d099f85 elementor-section-boxed elementor-section-height-default elementor-section-height-default\" data-id=\"d099f85\" data-element_type=\"section\">\n\t\t\t\t\t\t<div class=\"elementor-container elementor-column-gap-default\">\n\t\t\t\t\t<div class=\"elementor-column elementor-col-50 elementor-inner-column elementor-element elementor-element-d5730b5\" data-id=\"d5730b5\" data-element_type=\"column\">\n\t\t\t<div class=\"elementor-widget-wrap elementor-element-populated\">\n\t\t\t\t\t\t\t\t<div class=\"elementor-element elementor-element-163e341 elementor-widget elementor-widget-text-editor\" data-id=\"163e341\" data-element_type=\"widget\" data-widget_type=\"text-editor.default\">\n\t\t\t\t<div class=\"elementor-widget-container\">\n\t\t\t\t\t\t\t<p>Amanda dos Santos Guimar\u00e3es &#8211; colaboradora<br>Andr\u00e9 Fagundes Andrade dos Santos &#8211; colaborador<br><span style=\"font-style: inherit; font-weight: inherit;\">Jaqueline de Santana Silva &#8211; instrutora<br><\/span><span style=\"font-style: inherit; font-weight: inherit;\">Henrique de Almeida Santiago &#8211; colaborador<br><\/span><span style=\"font-style: inherit; font-weight: inherit;\">Kelly Brand\u00e3o Maciel &#8211; colaboradora<\/span><\/p>\n<p><\/p>\t\t\t\t\t\t<\/div>\n\t\t\t\t<\/div>\n\t\t\t\t\t<\/div>\n\t\t<\/div>\n\t\t\t\t<div class=\"elementor-column elementor-col-50 elementor-inner-column elementor-element elementor-element-c1f02d8\" data-id=\"c1f02d8\" data-element_type=\"column\">\n\t\t\t<div class=\"elementor-widget-wrap elementor-element-populated\">\n\t\t\t\t\t\t\t\t<div class=\"elementor-element elementor-element-3f2f8a0 elementor-widget elementor-widget-text-editor\" data-id=\"3f2f8a0\" data-element_type=\"widget\" data-widget_type=\"text-editor.default\">\n\t\t\t\t<div class=\"elementor-widget-container\">\n\t\t\t\t\t\t\t<p>Leonardo Fagundes Reis &#8211; bolsista PIBIEX<br \/>Marcos Felipe Lopes Carvalho &#8211; bolsista Sankofa <br \/>Mateus da Silva Santana &#8211; volunt\u00e1rio<br \/>Victor Paiva de Jesus &#8211; colaborador<br \/>Vinicius Teixeira dos Anjos &#8211; bolsista PIBIEX<\/p>\t\t\t\t\t\t<\/div>\n\t\t\t\t<\/div>\n\t\t\t\t\t<\/div>\n\t\t<\/div>\n\t\t\t\t\t\t\t<\/div>\n\t\t<\/section>\n\t\t\t\t<div class=\"elementor-element elementor-element-1aa4b98 elementor-widget elementor-widget-text-editor\" data-id=\"1aa4b98\" data-element_type=\"widget\" data-widget_type=\"text-editor.default\">\n\t\t\t\t<div class=\"elementor-widget-container\">\n\t\t\t\t\t\t\t<p>Simone Maria de Moraes &#8211; coordenadora<\/p>\t\t\t\t\t\t<\/div>\n\t\t\t\t<\/div>\n\t\t\t\t\t<\/div>\n\t\t<\/div>\n\t\t\t\t\t\t\t<\/div>\n\t\t<\/section>\n\t\t\t\t\t\t\t<\/div>\n\t\t","protected":false},"excerpt":{"rendered":"<p>Jogos Africanos e Matem\u00e1tica No projeto Jogos Africanos e Matem\u00e1tica desenvolvemos atividades de ensino de Matem\u00e1tica utilizando Jogos Africanos, no contexto da Lei 10.639\/03 que estabelece a inclus\u00e3o da tem\u00e1tica de Hist\u00f3ria e Cultura Afro brasileira na Educa\u00e7\u00e3o B\u00e1sica.Clique no Pa\u00eds desejado e seja redirecionado para os jogos dispon\u00edveis MAPS Apresentamos uma abordagem metodol\u00f3gica atrav\u00e9s &hellip;<\/p>\n<p class=\"read-more\"> <a class=\"\" href=\"https:\/\/edit.ondjangoasili.com\/\"> <span class=\"screen-reader-text\">Home<\/span> Leia mais &raquo;<\/a><\/p>\n","protected":false},"author":1,"featured_media":0,"parent":0,"menu_order":0,"comment_status":"closed","ping_status":"closed","template":"","meta":{"om_disable_all_campaigns":false,"_monsterinsights_skip_tracking":false,"_monsterinsights_sitenote_active":false,"_monsterinsights_sitenote_note":"","_monsterinsights_sitenote_category":0,"site-sidebar-layout":"no-sidebar","site-content-layout":"page-builder","ast-global-header-display":"","ast-main-header-display":"","ast-hfb-above-header-display":"","ast-hfb-below-header-display":"","ast-hfb-mobile-header-display":"","site-post-title":"disabled","ast-breadcrumbs-content":"","ast-featured-img":"disabled","footer-sml-layout":"","theme-transparent-header-meta":"","adv-header-id-meta":"","stick-header-meta":"","header-above-stick-meta":"","header-main-stick-meta":"","header-below-stick-meta":""},"aioseo_notices":[],"_links":{"self":[{"href":"https:\/\/edit.ondjangoasili.com\/index.php\/wp-json\/wp\/v2\/pages\/8"}],"collection":[{"href":"https:\/\/edit.ondjangoasili.com\/index.php\/wp-json\/wp\/v2\/pages"}],"about":[{"href":"https:\/\/edit.ondjangoasili.com\/index.php\/wp-json\/wp\/v2\/types\/page"}],"author":[{"embeddable":true,"href":"https:\/\/edit.ondjangoasili.com\/index.php\/wp-json\/wp\/v2\/users\/1"}],"replies":[{"embeddable":true,"href":"https:\/\/edit.ondjangoasili.com\/index.php\/wp-json\/wp\/v2\/comments?post=8"}],"version-history":[{"count":485,"href":"https:\/\/edit.ondjangoasili.com\/index.php\/wp-json\/wp\/v2\/pages\/8\/revisions"}],"predecessor-version":[{"id":3874,"href":"https:\/\/edit.ondjangoasili.com\/index.php\/wp-json\/wp\/v2\/pages\/8\/revisions\/3874"}],"wp:attachment":[{"href":"https:\/\/edit.ondjangoasili.com\/index.php\/wp-json\/wp\/v2\/media?parent=8"}],"curies":[{"name":"wp","href":"https:\/\/api.w.org\/{rel}","templated":true}]}}